{"id":2,"date":"2023-10-16T12:04:32","date_gmt":"2023-10-16T15:04:32","guid":{"rendered":"http:\/\/diskbateriasteresina.com.br\/?page_id=2"},"modified":"2025-06-13T11:44:36","modified_gmt":"2025-06-13T14:44:36","slug":"pagina-exemplo","status":"publish","type":"page","link":"https:\/\/diskbateriasteresina.com.br\/","title":{"rendered":"Home"},"content":{"rendered":"\t\t<div data-elementor-type=\"wp-page\" data-elementor-id=\"2\" class=\"elementor elementor-2\">\n\t\t\t\t\t\t\t<div class=\"elementor-element elementor-element-562998f e-flex e-con-boxed e-con e-parent\" data-id=\"562998f\" data-element_type=\"container\" data-settings=\"{&quot;background_background&quot;:&quot;classic&quot;,&quot;content_width&quot;:&quot;boxed&quot;}\" data-core-v316-plus=\"true\">\n\t\t\t\t\t<div class=\"e-con-inner\">\n\t\t<div class=\"elementor-element elementor-element-9bd3451 e-con-full e-flex e-con e-child\" data-id=\"9bd3451\" data-element_type=\"container\" data-settings=\"{&quot;content_width&quot;:&quot;full&quot;}\">\n\t\t\t\t<div class=\"elementor-element elementor-element-c76a0b7 elementor-widget__width-initial elementor-widget-mobile__width-initial elementor-widget elementor-widget-image\" data-id=\"c76a0b7\" data-element_type=\"widget\" data-widget_type=\"image.default\">\n\t\t\t\t<div class=\"elementor-widget-container\">\n\t\t\t<style>\/*! elementor - v3.16.0 - 17-10-2023 *\/\n.elementor-widget-image{text-align:center}.elementor-widget-image a{display:inline-block}.elementor-widget-image a img[src$=\".svg\"]{width:48px}.elementor-widget-image img{vertical-align:middle;display:inline-block}<\/style>\t\t\t\t\t\t\t\t\t\t\t\t<img loading=\"lazy\" decoding=\"async\" width=\"236\" height=\"162\" src=\"https:\/\/diskbateriasteresina.com.br\/wp-content\/uploads\/2023\/12\/Design-sem-nome-52-e1701961436628.png\" class=\"attachment-large size-large wp-image-102\" alt=\"\" \/>\t\t\t\t\t\t\t\t\t\t\t\t\t\t\t<\/div>\n\t\t\t\t<\/div>\n\t\t\t\t<\/div>\n\t\t<div class=\"elementor-element elementor-element-5c554b2 e-con-full e-flex e-con e-child\" data-id=\"5c554b2\" data-element_type=\"container\" data-settings=\"{&quot;content_width&quot;:&quot;full&quot;}\">\n\t\t\t\t<div class=\"elementor-element elementor-element-4601100 elementor-align-right elementor-mobile-align-center elementor-widget elementor-widget-button\" data-id=\"4601100\" data-element_type=\"widget\" data-widget_type=\"button.default\">\n\t\t\t\t<div class=\"elementor-widget-container\">\n\t\t\t\t\t<div class=\"elementor-button-wrapper\">\n\t\t\t<a class=\"elementor-button elementor-button-link elementor-size-md\" href=\"tel:86988344144\">\n\t\t\t\t\t\t<span class=\"elementor-button-content-wrapper\">\n\t\t\t\t\t\t<span class=\"elementor-button-icon elementor-align-icon-left\">\n\t\t\t\t<i aria-hidden=\"true\" class=\"fas fa-phone-alt\"><\/i>\t\t\t<\/span>\n\t\t\t\t\t\t<span class=\"elementor-button-text\">Ligue Agora<\/span>\n\t\t<\/span>\n\t\t\t\t\t<\/a>\n\t\t<\/div>\n\t\t\t\t<\/div>\n\t\t\t\t<\/div>\n\t\t\t\t<\/div>\n\t\t<div class=\"elementor-element elementor-element-f62d4e9 e-con-full e-flex e-con e-child\" data-id=\"f62d4e9\" data-element_type=\"container\" data-settings=\"{&quot;content_width&quot;:&quot;full&quot;}\">\n\t\t\t\t<div class=\"elementor-element elementor-element-03c70c0 elementor-align-right elementor-mobile-align-center elementor-widget elementor-widget-button\" data-id=\"03c70c0\" data-element_type=\"widget\" data-widget_type=\"button.default\">\n\t\t\t\t<div class=\"elementor-widget-container\">\n\t\t\t\t\t<div class=\"elementor-button-wrapper\">\n\t\t\t<a class=\"elementor-button elementor-button-link elementor-size-md\" href=\"https:\/\/tintim.link\/whatsapp\/971c1a29-6b24-435c-9f3f-cd7b1df1cea4\/164e7505-db80-4e90-879f-d2932e9db924\">\n\t\t\t\t\t\t<span class=\"elementor-button-content-wrapper\">\n\t\t\t\t\t\t<span class=\"elementor-button-icon elementor-align-icon-left\">\n\t\t\t\t<i aria-hidden=\"true\" class=\"fab fa-whatsapp\"><\/i>\t\t\t<\/span>\n\t\t\t\t\t\t<span class=\"elementor-button-text\">Whatsapp<\/span>\n\t\t<\/span>\n\t\t\t\t\t<\/a>\n\t\t<\/div>\n\t\t\t\t<\/div>\n\t\t\t\t<\/div>\n\t\t\t\t<\/div>\n\t\t\t\t\t<\/div>\n\t\t\t\t<\/div>\n\t\t<div class=\"elementor-element elementor-element-f576d5d e-flex e-con-boxed e-con e-parent\" data-id=\"f576d5d\" data-element_type=\"container\" data-settings=\"{&quot;background_background&quot;:&quot;classic&quot;,&quot;content_width&quot;:&quot;boxed&quot;}\" data-core-v316-plus=\"true\">\n\t\t\t\t\t<div class=\"e-con-inner\">\n\t\t<div class=\"elementor-element elementor-element-545241e e-con-full e-flex e-con e-child\" data-id=\"545241e\" data-element_type=\"container\" data-settings=\"{&quot;content_width&quot;:&quot;full&quot;}\">\n\t\t\t\t<div class=\"elementor-element elementor-element-5465d2e elementor-widget__width-initial elementor-widget elementor-widget-heading\" data-id=\"5465d2e\" data-element_type=\"widget\" data-widget_type=\"heading.default\">\n\t\t\t\t<div class=\"elementor-widget-container\">\n\t\t\t<style>\/*! elementor - v3.16.0 - 17-10-2023 *\/\n.elementor-heading-title{padding:0;margin:0;line-height:1}.elementor-widget-heading .elementor-heading-title[class*=elementor-size-]>a{color:inherit;font-size:inherit;line-height:inherit}.elementor-widget-heading .elementor-heading-title.elementor-size-small{font-size:15px}.elementor-widget-heading .elementor-heading-title.elementor-size-medium{font-size:19px}.elementor-widget-heading .elementor-heading-title.elementor-size-large{font-size:29px}.elementor-widget-heading .elementor-heading-title.elementor-size-xl{font-size:39px}.elementor-widget-heading .elementor-heading-title.elementor-size-xxl{font-size:59px}<\/style><h2 class=\"elementor-heading-title elementor-size-default\">A bateria do seu carro com entrega gr\u00e1tis e instalada em at\u00e9 50 minutos<\/h2>\t\t<\/div>\n\t\t\t\t<\/div>\n\t\t\t\t<div class=\"elementor-element elementor-element-f672e19 elementor-align-center elementor-widget elementor-widget-button\" data-id=\"f672e19\" data-element_type=\"widget\" data-widget_type=\"button.default\">\n\t\t\t\t<div class=\"elementor-widget-container\">\n\t\t\t\t\t<div class=\"elementor-button-wrapper\">\n\t\t\t<a class=\"elementor-button elementor-button-link elementor-size-lg\" href=\"https:\/\/tintim.link\/whatsapp\/971c1a29-6b24-435c-9f3f-cd7b1df1cea4\/164e7505-db80-4e90-879f-d2932e9db924\">\n\t\t\t\t\t\t<span class=\"elementor-button-content-wrapper\">\n\t\t\t\t\t\t<span class=\"elementor-button-icon elementor-align-icon-left\">\n\t\t\t\t<i aria-hidden=\"true\" class=\"fab fa-whatsapp\"><\/i>\t\t\t<\/span>\n\t\t\t\t\t\t<span class=\"elementor-button-text\">Pe\u00e7a Agora<\/span>\n\t\t<\/span>\n\t\t\t\t\t<\/a>\n\t\t<\/div>\n\t\t\t\t<\/div>\n\t\t\t\t<\/div>\n\t\t\t\t<div class=\"elementor-element elementor-element-1127c0a elementor-widget elementor-widget-image\" data-id=\"1127c0a\" data-element_type=\"widget\" data-widget_type=\"image.default\">\n\t\t\t\t<div class=\"elementor-widget-container\">\n\t\t\t\t\t\t\t\t\t\t\t\t\t\t\t<img loading=\"lazy\" decoding=\"async\" width=\"150\" height=\"150\" src=\"https:\/\/diskbateriasteresina.com.br\/wp-content\/uploads\/2023\/10\/Design-sem-nome-19-150x150.png\" class=\"attachment-thumbnail size-thumbnail wp-image-25\" alt=\"\" srcset=\"https:\/\/diskbateriasteresina.com.br\/wp-content\/uploads\/2023\/10\/Design-sem-nome-19-150x150.png 150w, https:\/\/diskbateriasteresina.com.br\/wp-content\/uploads\/2023\/10\/Design-sem-nome-19-300x300.png 300w, https:\/\/diskbateriasteresina.com.br\/wp-content\/uploads\/2023\/10\/Design-sem-nome-19-1024x1024.png 1024w, https:\/\/diskbateriasteresina.com.br\/wp-content\/uploads\/2023\/10\/Design-sem-nome-19-768x768.png 768w, https:\/\/diskbateriasteresina.com.br\/wp-content\/uploads\/2023\/10\/Design-sem-nome-19.png 1080w\" sizes=\"auto, (max-width: 150px) 100vw, 150px\" \/>\t\t\t\t\t\t\t\t\t\t\t\t\t\t\t<\/div>\n\t\t\t\t<\/div>\n\t\t\t\t<div class=\"elementor-element elementor-element-bcecd03 elementor-widget elementor-widget-html\" data-id=\"bcecd03\" data-element_type=\"widget\" data-widget_type=\"html.default\">\n\t\t\t\t<div class=\"elementor-widget-container\">\n\t\t\t<a href=\"https:\/\/tintim.link\/whatsapp\/971c1a29-6b24-435c-9f3f-cd7b1df1cea4\/164e7505-db80-4e90-879f-d2932e9db924\" target=\"_blank\" style=\"position: fixed; z-index: 9999; right: 20px; bottom: 20px; width: 64px; height: 64px; display: flex; justify-content: center; align-items: center; background: #00AD57; border-radius: 100%;\"><svg xmlns=\"http:\/\/www.w3.org\/2000\/svg\" viewBox=\"0 0 24 24\" fill=\"#FFFFFF\" width=\"32\" height=\"32\"><path d=\"M7.25361 18.4944L7.97834 18.917C9.18909 19.623 10.5651 20 12.001 20C16.4193 20 20.001 16.4183 20.001 12C20.001 7.58172 16.4193 4 12.001 4C7.5827 4 4.00098 7.58172 4.00098 12C4.00098 13.4363 4.37821 14.8128 5.08466 16.0238L5.50704 16.7478L4.85355 19.1494L7.25361 18.4944ZM2.00516 22L3.35712 17.0315C2.49494 15.5536 2.00098 13.8345 2.00098 12C2.00098 6.47715 6.47813 2 12.001 2C17.5238 2 22.001 6.47715 22.001 12C22.001 17.5228 17.5238 22 12.001 22C10.1671 22 8.44851 21.5064 6.97086 20.6447L2.00516 22ZM8.39232 7.30833C8.5262 7.29892 8.66053 7.29748 8.79459 7.30402C8.84875 7.30758 8.90265 7.31384 8.95659 7.32007C9.11585 7.33846 9.29098 7.43545 9.34986 7.56894C9.64818 8.24536 9.93764 8.92565 10.2182 9.60963C10.2801 9.76062 10.2428 9.95633 10.125 10.1457C10.0652 10.2428 9.97128 10.379 9.86248 10.5183C9.74939 10.663 9.50599 10.9291 9.50599 10.9291C9.50599 10.9291 9.40738 11.0473 9.44455 11.1944C9.45903 11.25 9.50521 11.331 9.54708 11.3991C9.57027 11.4368 9.5918 11.4705 9.60577 11.4938C9.86169 11.9211 10.2057 12.3543 10.6259 12.7616C10.7463 12.8783 10.8631 12.9974 10.9887 13.108C11.457 13.5209 11.9868 13.8583 12.559 14.1082L12.5641 14.1105C12.6486 14.1469 12.692 14.1668 12.8157 14.2193C12.8781 14.2457 12.9419 14.2685 13.0074 14.2858C13.0311 14.292 13.0554 14.2955 13.0798 14.2972C13.2415 14.3069 13.335 14.2032 13.3749 14.1555C14.0984 13.279 14.1646 13.2218 14.1696 13.2222V13.2238C14.2647 13.1236 14.4142 13.0888 14.5476 13.097C14.6085 13.1007 14.6691 13.1124 14.7245 13.1377C15.2563 13.3803 16.1258 13.7587 16.1258 13.7587L16.7073 14.0201C16.8047 14.0671 16.8936 14.1778 16.8979 14.2854C16.9005 14.3523 16.9077 14.4603 16.8838 14.6579C16.8525 14.9166 16.7738 15.2281 16.6956 15.3913C16.6406 15.5058 16.5694 15.6074 16.4866 15.6934C16.3743 15.81 16.2909 15.8808 16.1559 15.9814C16.0737 16.0426 16.0311 16.0714 16.0311 16.0714C15.8922 16.159 15.8139 16.2028 15.6484 16.2909C15.391 16.428 15.1066 16.5068 14.8153 16.5218C14.6296 16.5313 14.4444 16.5447 14.2589 16.5347C14.2507 16.5342 13.6907 16.4482 13.6907 16.4482C12.2688 16.0742 10.9538 15.3736 9.85034 14.402C9.62473 14.2034 9.4155 13.9885 9.20194 13.7759C8.31288 12.8908 7.63982 11.9364 7.23169 11.0336C7.03043 10.5884 6.90299 10.1116 6.90098 9.62098C6.89729 9.01405 7.09599 8.4232 7.46569 7.94186C7.53857 7.84697 7.60774 7.74855 7.72709 7.63586C7.85348 7.51651 7.93392 7.45244 8.02057 7.40811C8.13607 7.34902 8.26293 7.31742 8.39232 7.30833Z\"><\/path><\/svg><\/a>\t\t<\/div>\n\t\t\t\t<\/div>\n\t\t\t\t<\/div>\n\t\t\t\t\t<\/div>\n\t\t\t\t<\/div>\n\t\t<div class=\"elementor-element elementor-element-9ddd1e3 e-flex e-con-boxed e-con e-parent\" data-id=\"9ddd1e3\" data-element_type=\"container\" data-settings=\"{&quot;background_background&quot;:&quot;classic&quot;,&quot;content_width&quot;:&quot;boxed&quot;}\" data-core-v316-plus=\"true\">\n\t\t\t\t\t<div class=\"e-con-inner\">\n\t\t\t\t<div class=\"elementor-element elementor-element-4a689b4 elementor-widget elementor-widget-heading\" data-id=\"4a689b4\" data-element_type=\"widget\" data-widget_type=\"heading.default\">\n\t\t\t\t<div class=\"elementor-widget-container\">\n\t\t\t<h2 class=\"elementor-heading-title elementor-size-default\">Precisando de bateria para o seu carro?<\/h2>\t\t<\/div>\n\t\t\t\t<\/div>\n\t\t\t\t\t<\/div>\n\t\t\t\t<\/div>\n\t\t<div class=\"elementor-element elementor-element-ad9e667 e-flex e-con-boxed e-con e-parent\" data-id=\"ad9e667\" data-element_type=\"container\" data-settings=\"{&quot;background_background&quot;:&quot;classic&quot;,&quot;content_width&quot;:&quot;boxed&quot;}\" data-core-v316-plus=\"true\">\n\t\t\t\t\t<div class=\"e-con-inner\">\n\t\t<div class=\"elementor-element elementor-element-e4b8bce e-con-full e-flex e-con e-child\" data-id=\"e4b8bce\" data-element_type=\"container\" data-settings=\"{&quot;content_width&quot;:&quot;full&quot;,&quot;background_background&quot;:&quot;classic&quot;}\">\n\t\t\t\t<div class=\"elementor-element elementor-element-5bb31fd elementor-view-framed elementor-shape-circle elementor-position-top elementor-mobile-position-top elementor-widget elementor-widget-icon-box\" data-id=\"5bb31fd\" data-element_type=\"widget\" data-widget_type=\"icon-box.default\">\n\t\t\t\t<div class=\"elementor-widget-container\">\n\t\t\t<link rel=\"stylesheet\" href=\"https:\/\/diskbateriasteresina.com.br\/wp-content\/plugins\/elementor\/assets\/css\/widget-icon-box.min.css\">\t\t<div class=\"elementor-icon-box-wrapper\">\n\t\t\t\t\t\t<div class=\"elementor-icon-box-icon\">\n\t\t\t\t<span  class=\"elementor-icon elementor-animation-\">\n\t\t\t\t<i aria-hidden=\"true\" class=\"fas fa-car\"><\/i>\t\t\t\t<\/span>\n\t\t\t<\/div>\n\t\t\t\t\t\t<div class=\"elementor-icon-box-content\">\n\t\t\t\t<h3 class=\"elementor-icon-box-title\">\n\t\t\t\t\t<span  >\n\t\t\t\t\t\t\t\t\t\t\t<\/span>\n\t\t\t\t<\/h3>\n\t\t\t\t\t\t\t\t\t<p class=\"elementor-icon-box-description\">\n\t\t\t\t\t\tInforme o modelo do ve\u00edculo e o local de entrega\t\t\t\t\t<\/p>\n\t\t\t\t\t\t\t<\/div>\n\t\t<\/div>\n\t\t\t\t<\/div>\n\t\t\t\t<\/div>\n\t\t\t\t<\/div>\n\t\t<div class=\"elementor-element elementor-element-19bdd0a e-con-full e-flex e-con e-child\" data-id=\"19bdd0a\" data-element_type=\"container\" data-settings=\"{&quot;content_width&quot;:&quot;full&quot;}\">\n\t\t\t\t<div class=\"elementor-element elementor-element-629bd44 elementor-view-framed elementor-shape-circle elementor-position-top elementor-mobile-position-top elementor-widget elementor-widget-icon-box\" data-id=\"629bd44\" data-element_type=\"widget\" data-widget_type=\"icon-box.default\">\n\t\t\t\t<div class=\"elementor-widget-container\">\n\t\t\t\t\t<div class=\"elementor-icon-box-wrapper\">\n\t\t\t\t\t\t<div class=\"elementor-icon-box-icon\">\n\t\t\t\t<span  class=\"elementor-icon elementor-animation-\">\n\t\t\t\t<i aria-hidden=\"true\" class=\"fas fa-car-battery\"><\/i>\t\t\t\t<\/span>\n\t\t\t<\/div>\n\t\t\t\t\t\t<div class=\"elementor-icon-box-content\">\n\t\t\t\t<h3 class=\"elementor-icon-box-title\">\n\t\t\t\t\t<span  >\n\t\t\t\t\t\t\t\t\t\t\t<\/span>\n\t\t\t\t<\/h3>\n\t\t\t\t\t\t\t\t\t<p class=\"elementor-icon-box-description\">\n\t\t\t\t\t\tFinalize o pedido  e fa\u00e7a o pagamento somente na entrega\t\t\t\t\t<\/p>\n\t\t\t\t\t\t\t<\/div>\n\t\t<\/div>\n\t\t\t\t<\/div>\n\t\t\t\t<\/div>\n\t\t\t\t<\/div>\n\t\t<div class=\"elementor-element elementor-element-a4c12ab e-con-full e-flex e-con e-child\" data-id=\"a4c12ab\" data-element_type=\"container\" data-settings=\"{&quot;content_width&quot;:&quot;full&quot;}\">\n\t\t\t\t<div class=\"elementor-element elementor-element-5867551 elementor-view-framed elementor-shape-circle elementor-position-top elementor-mobile-position-top elementor-widget elementor-widget-icon-box\" data-id=\"5867551\" data-element_type=\"widget\" data-widget_type=\"icon-box.default\">\n\t\t\t\t<div class=\"elementor-widget-container\">\n\t\t\t\t\t<div class=\"elementor-icon-box-wrapper\">\n\t\t\t\t\t\t<div class=\"elementor-icon-box-icon\">\n\t\t\t\t<span  class=\"elementor-icon elementor-animation-\">\n\t\t\t\t<i aria-hidden=\"true\" class=\"far fa-check-circle\"><\/i>\t\t\t\t<\/span>\n\t\t\t<\/div>\n\t\t\t\t\t\t<div class=\"elementor-icon-box-content\">\n\t\t\t\t<h3 class=\"elementor-icon-box-title\">\n\t\t\t\t\t<span  >\n\t\t\t\t\t\t\t\t\t\t\t<\/span>\n\t\t\t\t<\/h3>\n\t\t\t\t\t\t\t\t\t<p class=\"elementor-icon-box-description\">\n\t\t\t\t\t\tReceba sua bateria onde estiver, com entrega e instala\u00e7\u00e3o gr\u00e1tis\t\t\t\t\t<\/p>\n\t\t\t\t\t\t\t<\/div>\n\t\t<\/div>\n\t\t\t\t<\/div>\n\t\t\t\t<\/div>\n\t\t\t\t<\/div>\n\t\t\t\t\t<\/div>\n\t\t\t\t<\/div>\n\t\t<div class=\"elementor-element elementor-element-9759bbd e-flex e-con-boxed e-con e-parent\" data-id=\"9759bbd\" data-element_type=\"container\" data-settings=\"{&quot;background_background&quot;:&quot;classic&quot;,&quot;content_width&quot;:&quot;boxed&quot;}\" data-core-v316-plus=\"true\">\n\t\t\t\t\t<div class=\"e-con-inner\">\n\t\t<div class=\"elementor-element elementor-element-62598dd e-con-full e-flex e-con e-child\" data-id=\"62598dd\" data-element_type=\"container\" data-settings=\"{&quot;content_width&quot;:&quot;full&quot;,&quot;background_background&quot;:&quot;classic&quot;}\">\n\t\t\t\t<div class=\"elementor-element elementor-element-2ba80a5 elementor-widget elementor-widget-image\" data-id=\"2ba80a5\" data-element_type=\"widget\" data-widget_type=\"image.default\">\n\t\t\t\t<div class=\"elementor-widget-container\">\n\t\t\t\t\t\t\t\t\t\t\t\t\t\t\t<img loading=\"lazy\" decoding=\"async\" width=\"901\" height=\"672\" src=\"https:\/\/diskbateriasteresina.com.br\/wp-content\/uploads\/2023\/10\/battery-small.png\" class=\"attachment-large size-large wp-image-86\" alt=\"\" srcset=\"https:\/\/diskbateriasteresina.com.br\/wp-content\/uploads\/2023\/10\/battery-small.png 901w, https:\/\/diskbateriasteresina.com.br\/wp-content\/uploads\/2023\/10\/battery-small-300x224.png 300w, https:\/\/diskbateriasteresina.com.br\/wp-content\/uploads\/2023\/10\/battery-small-768x573.png 768w\" sizes=\"auto, (max-width: 901px) 100vw, 901px\" \/>\t\t\t\t\t\t\t\t\t\t\t\t\t\t\t<\/div>\n\t\t\t\t<\/div>\n\t\t\t\t<\/div>\n\t\t<div class=\"elementor-element elementor-element-8308b43 e-con-full e-flex e-con e-child\" data-id=\"8308b43\" data-element_type=\"container\" data-settings=\"{&quot;content_width&quot;:&quot;full&quot;}\">\n\t\t\t\t<div class=\"elementor-element elementor-element-8df0365 elementor-widget elementor-widget-image\" data-id=\"8df0365\" data-element_type=\"widget\" data-widget_type=\"image.default\">\n\t\t\t\t<div class=\"elementor-widget-container\">\n\t\t\t\t\t\t\t\t\t\t\t\t\t\t\t<img loading=\"lazy\" decoding=\"async\" width=\"570\" height=\"383\" src=\"https:\/\/diskbateriasteresina.com.br\/wp-content\/uploads\/2023\/10\/ZT50ah-D-e1698351097702.png\" class=\"attachment-large size-large wp-image-87\" alt=\"\" srcset=\"https:\/\/diskbateriasteresina.com.br\/wp-content\/uploads\/2023\/10\/ZT50ah-D-e1698351097702.png 570w, https:\/\/diskbateriasteresina.com.br\/wp-content\/uploads\/2023\/10\/ZT50ah-D-e1698351097702-300x202.png 300w\" sizes=\"auto, (max-width: 570px) 100vw, 570px\" \/>\t\t\t\t\t\t\t\t\t\t\t\t\t\t\t<\/div>\n\t\t\t\t<\/div>\n\t\t\t\t<\/div>\n\t\t<div class=\"elementor-element elementor-element-4710266 e-con-full e-flex e-con e-child\" data-id=\"4710266\" data-element_type=\"container\" data-settings=\"{&quot;content_width&quot;:&quot;full&quot;}\">\n\t\t\t\t<div class=\"elementor-element elementor-element-64ed524 elementor-widget elementor-widget-image\" data-id=\"64ed524\" data-element_type=\"widget\" data-widget_type=\"image.default\">\n\t\t\t\t<div class=\"elementor-widget-container\">\n\t\t\t\t\t\t\t\t\t\t\t\t\t\t\t<img loading=\"lazy\" decoding=\"async\" width=\"519\" height=\"388\" src=\"https:\/\/diskbateriasteresina.com.br\/wp-content\/uploads\/2023\/10\/HNP60DD-e1698351143253.png\" class=\"attachment-large size-large wp-image-91\" alt=\"\" srcset=\"https:\/\/diskbateriasteresina.com.br\/wp-content\/uploads\/2023\/10\/HNP60DD-e1698351143253.png 519w, https:\/\/diskbateriasteresina.com.br\/wp-content\/uploads\/2023\/10\/HNP60DD-e1698351143253-300x224.png 300w\" sizes=\"auto, (max-width: 519px) 100vw, 519px\" \/>\t\t\t\t\t\t\t\t\t\t\t\t\t\t\t<\/div>\n\t\t\t\t<\/div>\n\t\t\t\t<\/div>\n\t\t\t\t\t<\/div>\n\t\t\t\t<\/div>\n\t\t<div class=\"elementor-element elementor-element-c402f4a e-flex e-con-boxed e-con e-parent\" data-id=\"c402f4a\" data-element_type=\"container\" data-settings=\"{&quot;content_width&quot;:&quot;boxed&quot;}\" data-core-v316-plus=\"true\">\n\t\t\t\t\t<div class=\"e-con-inner\">\n\t\t<div class=\"elementor-element elementor-element-6dc0bc2 e-con-full e-flex e-con e-child\" data-id=\"6dc0bc2\" data-element_type=\"container\" data-settings=\"{&quot;content_width&quot;:&quot;full&quot;}\">\n\t\t\t\t<div class=\"elementor-element elementor-element-5e7a04e elementor-widget__width-initial elementor-widget-mobile__width-initial elementor-widget elementor-widget-image\" data-id=\"5e7a04e\" data-element_type=\"widget\" data-widget_type=\"image.default\">\n\t\t\t\t<div class=\"elementor-widget-container\">\n\t\t\t\t\t\t\t\t\t\t\t\t\t\t\t<img loading=\"lazy\" decoding=\"async\" width=\"300\" height=\"206\" src=\"https:\/\/diskbateriasteresina.com.br\/wp-content\/uploads\/2023\/12\/Design-sem-nome-52-e1701961267605-300x206.png\" class=\"attachment-medium size-medium wp-image-102\" alt=\"\" \/>\t\t\t\t\t\t\t\t\t\t\t\t\t\t\t<\/div>\n\t\t\t\t<\/div>\n\t\t\t\t<div class=\"elementor-element elementor-element-eeca803 elementor-widget elementor-widget-heading\" data-id=\"eeca803\" data-element_type=\"widget\" data-widget_type=\"heading.default\">\n\t\t\t\t<div class=\"elementor-widget-container\">\n\t\t\t<h2 class=\"elementor-heading-title elementor-size-default\">Rua Barcelos, 2191<\/h2>\t\t<\/div>\n\t\t\t\t<\/div>\n\t\t\t\t<div class=\"elementor-element elementor-element-9516f10 elementor-widget elementor-widget-heading\" data-id=\"9516f10\" data-element_type=\"widget\" data-widget_type=\"heading.default\">\n\t\t\t\t<div class=\"elementor-widget-container\">\n\t\t\t<h2 class=\"elementor-heading-title elementor-size-default\">Beira Rio - Teresina<\/h2>\t\t<\/div>\n\t\t\t\t<\/div>\n\t\t\t\t<div class=\"elementor-element elementor-element-45bda26 elementor-widget elementor-widget-heading\" data-id=\"45bda26\" data-element_type=\"widget\" data-widget_type=\"heading.default\">\n\t\t\t\t<div class=\"elementor-widget-container\">\n\t\t\t<h2 class=\"elementor-heading-title elementor-size-default\">07h \u00e0s 20h<\/h2>\t\t<\/div>\n\t\t\t\t<\/div>\n\t\t\t\t<div class=\"elementor-element elementor-element-6eac3d3 elementor-align-center elementor-widget__width-initial elementor-widget elementor-widget-button\" data-id=\"6eac3d3\" data-element_type=\"widget\" data-widget_type=\"button.default\">\n\t\t\t\t<div class=\"elementor-widget-container\">\n\t\t\t\t\t<div class=\"elementor-button-wrapper\">\n\t\t\t<a class=\"elementor-button elementor-button-link elementor-size-lg\" href=\"https:\/\/tintim.link\/whatsapp\/971c1a29-6b24-435c-9f3f-cd7b1df1cea4\/164e7505-db80-4e90-879f-d2932e9db924\">\n\t\t\t\t\t\t<span class=\"elementor-button-content-wrapper\">\n\t\t\t\t\t\t<span class=\"elementor-button-icon elementor-align-icon-left\">\n\t\t\t\t<i aria-hidden=\"true\" class=\"fab fa-whatsapp\"><\/i>\t\t\t<\/span>\n\t\t\t\t\t\t<span class=\"elementor-button-text\">Whatsapp<\/span>\n\t\t<\/span>\n\t\t\t\t\t<\/a>\n\t\t<\/div>\n\t\t\t\t<\/div>\n\t\t\t\t<\/div>\n\t\t\t\t<div class=\"elementor-element elementor-element-ca9a7e2 elementor-align-center elementor-mobile-align-center elementor-widget__width-initial elementor-widget elementor-widget-button\" data-id=\"ca9a7e2\" data-element_type=\"widget\" data-widget_type=\"button.default\">\n\t\t\t\t<div class=\"elementor-widget-container\">\n\t\t\t\t\t<div class=\"elementor-button-wrapper\">\n\t\t\t<a class=\"elementor-button elementor-button-link elementor-size-lg\" href=\"tel:86988344144\">\n\t\t\t\t\t\t<span class=\"elementor-button-content-wrapper\">\n\t\t\t\t\t\t<span class=\"elementor-button-icon elementor-align-icon-left\">\n\t\t\t\t<i aria-hidden=\"true\" class=\"fas fa-phone-alt\"><\/i>\t\t\t<\/span>\n\t\t\t\t\t\t<span class=\"elementor-button-text\">Ligue Agora<\/span>\n\t\t<\/span>\n\t\t\t\t\t<\/a>\n\t\t<\/div>\n\t\t\t\t<\/div>\n\t\t\t\t<\/div>\n\t\t\t\t<\/div>\n\t\t<div class=\"elementor-element elementor-element-673a919 e-con-full e-flex e-con e-child\" data-id=\"673a919\" data-element_type=\"container\" data-settings=\"{&quot;content_width&quot;:&quot;full&quot;}\">\n\t\t\t\t<div class=\"elementor-element elementor-element-0f4e784 elementor-widget elementor-widget-google_maps\" data-id=\"0f4e784\" data-element_type=\"widget\" data-widget_type=\"google_maps.default\">\n\t\t\t\t<div class=\"elementor-widget-container\">\n\t\t\t<style>\/*! elementor - v3.16.0 - 17-10-2023 *\/\n.elementor-widget-google_maps .elementor-widget-container{overflow:hidden}.elementor-widget-google_maps .elementor-custom-embed{line-height:0}.elementor-widget-google_maps iframe{height:300px}<\/style>\t\t<div class=\"elementor-custom-embed\">\n\t\t\t<iframe loading=\"lazy\"\n\t\t\t\t\tsrc=\"https:\/\/maps.google.com\/maps?q=Rua%20barcelos%20%202191&#038;t=m&#038;z=15&#038;output=embed&#038;iwloc=near\"\n\t\t\t\t\ttitle=\"Rua barcelos  2191\"\n\t\t\t\t\taria-label=\"Rua barcelos  2191\"\n\t\t\t><\/iframe>\n\t\t<\/div>\n\t\t\t\t<\/div>\n\t\t\t\t<\/div>\n\t\t\t\t<\/div>\n\t\t\t\t\t<\/div>\n\t\t\t\t<\/div>\n\t\t<div class=\"elementor-element elementor-element-42e54ad e-flex e-con-boxed e-con e-parent\" data-id=\"42e54ad\" data-element_type=\"container\" data-settings=\"{&quot;background_background&quot;:&quot;classic&quot;,&quot;content_width&quot;:&quot;boxed&quot;}\" data-core-v316-plus=\"true\">\n\t\t\t\t\t<div class=\"e-con-inner\">\n\t\t\t\t<div class=\"elementor-element elementor-element-5244d3c elementor-widget elementor-widget-heading\" data-id=\"5244d3c\" data-element_type=\"widget\" data-widget_type=\"heading.default\">\n\t\t\t\t<div class=\"elementor-widget-container\">\n\t\t\t<h2 class=\"elementor-heading-title elementor-size-default\">Disk Baterias \u26a1 - Todos os direitos reservados.<\/h2>\t\t<\/div>\n\t\t\t\t<\/div>\n\t\t\t\t\t<\/div>\n\t\t\t\t<\/div>\n\t\t\t\t\t\t\t<\/div>\n\t\t","protected":false},"excerpt":{"rendered":"<p>Ligue Agora Whatsapp A bateria do seu carro com entrega gr\u00e1tis e instalada em at\u00e9 50 minutos Pe\u00e7a Agora Precisando de bateria para o seu carro? Informe o modelo do ve\u00edculo e o local de entrega Finalize o pedido e fa\u00e7a o pagamento somente na entrega Receba sua bateria onde estiver, com entrega e instala\u00e7\u00e3o [&hellip;]<\/p>\n","protected":false},"author":1,"featured_media":0,"parent":0,"menu_order":0,"comment_status":"closed","ping_status":"closed","template":"elementor_canvas","meta":{"footnotes":""},"class_list":["post-2","page","type-page","status-publish","hentry"],"_links":{"self":[{"href":"https:\/\/diskbateriasteresina.com.br\/index.php?rest_route=\/wp\/v2\/pages\/2","targetHints":{"allow":["GET"]}}],"collection":[{"href":"https:\/\/diskbateriasteresina.com.br\/index.php?rest_route=\/wp\/v2\/pages"}],"about":[{"href":"https:\/\/diskbateriasteresina.com.br\/index.php?rest_route=\/wp\/v2\/types\/page"}],"author":[{"embeddable":true,"href":"https:\/\/diskbateriasteresina.com.br\/index.php?rest_route=\/wp\/v2\/users\/1"}],"replies":[{"embeddable":true,"href":"https:\/\/diskbateriasteresina.com.br\/index.php?rest_route=%2Fwp%2Fv2%2Fcomments&post=2"}],"version-history":[{"count":104,"href":"https:\/\/diskbateriasteresina.com.br\/index.php?rest_route=\/wp\/v2\/pages\/2\/revisions"}],"predecessor-version":[{"id":145,"href":"https:\/\/diskbateriasteresina.com.br\/index.php?rest_route=\/wp\/v2\/pages\/2\/revisions\/145"}],"wp:attachment":[{"href":"https:\/\/diskbateriasteresina.com.br\/index.php?rest_route=%2Fwp%2Fv2%2Fmedia&parent=2"}],"curies":[{"name":"wp","href":"https:\/\/api.w.org\/{rel}","templated":true}]}}